{"id":79,"date":"2018-06-03T08:10:27","date_gmt":"2018-06-03T13:10:27","guid":{"rendered":"http:\/\/demo.sharkthemes.com\/corporate-blue\/?page_id=79"},"modified":"2023-08-30T18:03:47","modified_gmt":"2023-08-30T23:03:47","slug":"consulta-especializada","status":"publish","type":"page","link":"https:\/\/conpension.org\/index.php\/consulta-especializada\/","title":{"rendered":"Consulta especializada"},"content":{"rendered":"\n<p class=\"has-medium-font-size\">Es una consulta que tiene mayor grado de complejidad ya que se trata de un caso espec\u00edfico por lo que se requiere la recopilaci\u00f3n de antecedentes suministrados por el solicitante, informaci\u00f3n normativa, jurisprudencial, hacer c\u00e1lculos sencillo o complejos como la proyecci\u00f3n de una pensi\u00f3n o un estudio actuarial y dar una respuesta escrita dentro de un plazo prudencial.<\/p>\n","protected":false},"excerpt":{"rendered":"<p>Es una consulta que tiene mayor grado de complejidad ya que se trata de un caso espec\u00edfico por lo que se requiere la recopilaci\u00f3n de [&hellip;]<\/p>\n","protected":false},"author":1,"featured_media":564,"parent":0,"menu_order":0,"comment_status":"closed","ping_status":"closed","template":"","meta":[],"_links":{"self":[{"href":"https:\/\/conpension.org\/index.php\/wp-json\/wp\/v2\/pages\/79"}],"collection":[{"href":"https:\/\/conpension.org\/index.php\/wp-json\/wp\/v2\/pages"}],"about":[{"href":"https:\/\/conpension.org\/index.php\/wp-json\/wp\/v2\/types\/page"}],"author":[{"embeddable":true,"href":"https:\/\/conpension.org\/index.php\/wp-json\/wp\/v2\/users\/1"}],"replies":[{"embeddable":true,"href":"https:\/\/conpension.org\/index.php\/wp-json\/wp\/v2\/comments?post=79"}],"version-history":[{"count":3,"href":"https:\/\/conpension.org\/index.php\/wp-json\/wp\/v2\/pages\/79\/revisions"}],"predecessor-version":[{"id":801,"href":"https:\/\/conpension.org\/index.php\/wp-json\/wp\/v2\/pages\/79\/revisions\/801"}],"wp:featuredmedia":[{"embeddable":true,"href":"https:\/\/conpension.org\/index.php\/wp-json\/wp\/v2\/media\/564"}],"wp:attachment":[{"href":"https:\/\/conpension.org\/index.php\/wp-json\/wp\/v2\/media?parent=79"}],"curies":[{"name":"wp","href":"https:\/\/api.w.org\/{rel}","templated":true}]}}