{"id":75,"date":"2018-06-03T08:08:18","date_gmt":"2018-06-03T13:08:18","guid":{"rendered":"http:\/\/demo.sharkthemes.com\/corporate-blue\/?page_id=75"},"modified":"2023-08-30T18:03:27","modified_gmt":"2023-08-30T23:03:27","slug":"contenidos-capacitacion","status":"publish","type":"page","link":"https:\/\/conpension.org\/index.php\/contenidos-capacitacion\/","title":{"rendered":"Contenidos y capacitaci\u00f3n."},"content":{"rendered":"\n<p><strong><mark style=\"background-color:rgba(0, 0, 0, 0);color:#002756\" class=\"has-inline-color\">Redes Sociales:<\/mark><\/strong> Difundimos contenidos relacionados con temas de seguridad social, los servicios financieros o de aseguramiento para que las personas logren un conocimiento adecuado de estos asuntos y expresamos nuestra opini\u00f3n respecto de proyectos, regulaciones o pronunciamientos judiciales que afecten o favorezcan los derechos pensionales de las personas.<\/p>\n\n\n\n<div style=\"height:28px\" aria-hidden=\"true\" class=\"wp-block-spacer\"><\/div>\n\n\n\n<p><strong><mark style=\"background-color:rgba(0, 0, 0, 0);color:#002756\" class=\"has-inline-color\">Repositorio de Normas:<\/mark><\/strong> Facilitamos el acceso de las personas a los repositorios digitales de la normatividad, regulaci\u00f3n y jurisprudencia en los temas de la seguridad social<\/p>\n\n\n\n<div style=\"height:28px\" aria-hidden=\"true\" class=\"wp-block-spacer\"><\/div>\n\n\n\n<p><strong><mark style=\"background-color:rgba(0, 0, 0, 0);color:#002756\" class=\"has-inline-color\">Seminarios:<\/mark> <\/strong>ConPensi\u00f3n realiza eventos especializados de naturaleza t\u00e9cnica y acad\u00e9mica, con especialistas en temas de seguridad social, servicios financieros o de aseguramiento.<\/p>\n\n\n\n<div style=\"height:28px\" aria-hidden=\"true\" class=\"wp-block-spacer\"><\/div>\n\n\n\n<p><strong><mark style=\"background-color:rgba(0, 0, 0, 0);color:#002756\" class=\"has-inline-color\">Educaci\u00f3n Continua:<\/mark> <\/strong>adelantamos eventos tales como diplomados, paneles, congresos y seminarios relacionados con principios de seguridad social, reg\u00edmenes, pensionales, reforma pensional, jurisprudencias y temas relacionados con la seguridad social.<\/p>\n\n\n\n<div style=\"height:28px\" aria-hidden=\"true\" class=\"wp-block-spacer\"><\/div>\n\n\n\n<p><strong><mark style=\"background-color:rgba(0, 0, 0, 0);color:#002756\" class=\"has-inline-color\">Charlas cortas: <\/mark><\/strong>A petici\u00f3n de empresas, universidades, sindicatos, juntas de acci\u00f3n comunal u otras Entidades sin \u00e1nimo de lucro realizamos charlas cortas respecto de temas de inter\u00e9s espec\u00edficos, siempre y cuando est\u00e9n relaci\u00f3n con nuestra misi\u00f3n de promover y defender los derechos a la seguridad social.<\/p>\n","protected":false},"excerpt":{"rendered":"<p>Redes Sociales: Difundimos contenidos relacionados con temas de seguridad social, los servicios financieros o de aseguramiento para que las personas logren un conocimiento adecuado de [&hellip;]<\/p>\n","protected":false},"author":1,"featured_media":510,"parent":0,"menu_order":0,"comment_status":"closed","ping_status":"closed","template":"","meta":[],"_links":{"self":[{"href":"https:\/\/conpension.org\/index.php\/wp-json\/wp\/v2\/pages\/75"}],"collection":[{"href":"https:\/\/conpension.org\/index.php\/wp-json\/wp\/v2\/pages"}],"about":[{"href":"https:\/\/conpension.org\/index.php\/wp-json\/wp\/v2\/types\/page"}],"author":[{"embeddable":true,"href":"https:\/\/conpension.org\/index.php\/wp-json\/wp\/v2\/users\/1"}],"replies":[{"embeddable":true,"href":"https:\/\/conpension.org\/index.php\/wp-json\/wp\/v2\/comments?post=75"}],"version-history":[{"count":6,"href":"https:\/\/conpension.org\/index.php\/wp-json\/wp\/v2\/pages\/75\/revisions"}],"predecessor-version":[{"id":800,"href":"https:\/\/conpension.org\/index.php\/wp-json\/wp\/v2\/pages\/75\/revisions\/800"}],"wp:featuredmedia":[{"embeddable":true,"href":"https:\/\/conpension.org\/index.php\/wp-json\/wp\/v2\/media\/510"}],"wp:attachment":[{"href":"https:\/\/conpension.org\/index.php\/wp-json\/wp\/v2\/media?parent=75"}],"curies":[{"name":"wp","href":"https:\/\/api.w.org\/{rel}","templated":true}]}}