{"id":73,"date":"2018-06-03T08:06:31","date_gmt":"2018-06-03T13:06:31","guid":{"rendered":"http:\/\/demo.sharkthemes.com\/corporate-blue\/?page_id=73"},"modified":"2023-07-23T23:04:09","modified_gmt":"2023-07-24T04:04:09","slug":"orientacion-legal","status":"publish","type":"page","link":"https:\/\/conpension.org\/index.php\/orientacion-legal\/","title":{"rendered":"Orientaci\u00f3n legal y regulatoria"},"content":{"rendered":"\n<p class=\"has-medium-font-size\">Atendemos consultas de car\u00e1cter general respecto de los deberes y derechos derivados de seguridad social, los servicios financieros, de aseguramiento o conexos, as\u00ed como sobre pasos a seguir para adelantar alg\u00fan tr\u00e1mite de solicitud, reclamaci\u00f3n o inconformidad relacionado con estos productos y servicios.<\/p>\n\n\n\n<p class=\"has-medium-font-size\">Nos pueden preguntar sin pena desde las cosas m\u00e1s simples: \u00bfC\u00f3mo tramitar mi solicitud para pensionarme? \u00bfC\u00f3mo me afilio a la seguridad social? \u00bfC\u00f3mo accedo a mi historia laboral?<\/p>\n","protected":false},"excerpt":{"rendered":"<p>Atendemos consultas de car\u00e1cter general respecto de los deberes y derechos derivados de seguridad social, los servicios financieros, de aseguramiento o conexos, as\u00ed como sobre [&hellip;]<\/p>\n","protected":false},"author":1,"featured_media":561,"parent":0,"menu_order":0,"comment_status":"closed","ping_status":"closed","template":"","meta":[],"_links":{"self":[{"href":"https:\/\/conpension.org\/index.php\/wp-json\/wp\/v2\/pages\/73"}],"collection":[{"href":"https:\/\/conpension.org\/index.php\/wp-json\/wp\/v2\/pages"}],"about":[{"href":"https:\/\/conpension.org\/index.php\/wp-json\/wp\/v2\/types\/page"}],"author":[{"embeddable":true,"href":"https:\/\/conpension.org\/index.php\/wp-json\/wp\/v2\/users\/1"}],"replies":[{"embeddable":true,"href":"https:\/\/conpension.org\/index.php\/wp-json\/wp\/v2\/comments?post=73"}],"version-history":[{"count":2,"href":"https:\/\/conpension.org\/index.php\/wp-json\/wp\/v2\/pages\/73\/revisions"}],"predecessor-version":[{"id":562,"href":"https:\/\/conpension.org\/index.php\/wp-json\/wp\/v2\/pages\/73\/revisions\/562"}],"wp:featuredmedia":[{"embeddable":true,"href":"https:\/\/conpension.org\/index.php\/wp-json\/wp\/v2\/media\/561"}],"wp:attachment":[{"href":"https:\/\/conpension.org\/index.php\/wp-json\/wp\/v2\/media?parent=73"}],"curies":[{"name":"wp","href":"https:\/\/api.w.org\/{rel}","templated":true}]}}