{"id":68,"date":"2018-06-03T07:58:29","date_gmt":"2018-06-03T07:58:29","guid":{"rendered":"http:\/\/demo.sharkthemes.com\/corporate-blue\/?page_id=68"},"modified":"2023-08-30T18:02:35","modified_gmt":"2023-08-30T23:02:35","slug":"sobre-nosotros","status":"publish","type":"page","link":"https:\/\/conpension.org\/index.php\/sobre-nosotros\/","title":{"rendered":"Sobre nosotros"},"content":{"rendered":"\n<p style=\"font-size:19px\">Somos una Corporaci\u00f3n, entidad sin \u00e1nimo de lucro, que presta servicios de informaci\u00f3n, divulgaci\u00f3n, orientaci\u00f3n y asesor\u00eda para la promoci\u00f3n y defensa de los derechos a la jubilaci\u00f3n, mediante los mecanismos que brinda la seguridad social u otros servicios financieros, de inversi\u00f3n o de aseguramiento existentes en Colombia. Nos dirigimos a los j\u00f3venes y adultos, bien sean residentes en el pa\u00eds o en el extranjero, para que sean conscientes de la necesidad de estar asegurados contra algunos de los riesgos socialmente aceptados como son la vejez, la invalidez o la muerte de las personas, todo encaminado a que cuenten con un ingreso para ellos o sus familias cuando llegue el momento.<\/p>\n","protected":false},"excerpt":{"rendered":"<p>Somos una Corporaci\u00f3n, entidad sin \u00e1nimo de lucro, que presta servicios de informaci\u00f3n, divulgaci\u00f3n, orientaci\u00f3n y asesor\u00eda para la promoci\u00f3n y defensa de los derechos [&hellip;]<\/p>\n","protected":false},"author":1,"featured_media":384,"parent":0,"menu_order":0,"comment_status":"closed","ping_status":"closed","template":"","meta":[],"_links":{"self":[{"href":"https:\/\/conpension.org\/index.php\/wp-json\/wp\/v2\/pages\/68"}],"collection":[{"href":"https:\/\/conpension.org\/index.php\/wp-json\/wp\/v2\/pages"}],"about":[{"href":"https:\/\/conpension.org\/index.php\/wp-json\/wp\/v2\/types\/page"}],"author":[{"embeddable":true,"href":"https:\/\/conpension.org\/index.php\/wp-json\/wp\/v2\/users\/1"}],"replies":[{"embeddable":true,"href":"https:\/\/conpension.org\/index.php\/wp-json\/wp\/v2\/comments?post=68"}],"version-history":[{"count":10,"href":"https:\/\/conpension.org\/index.php\/wp-json\/wp\/v2\/pages\/68\/revisions"}],"predecessor-version":[{"id":799,"href":"https:\/\/conpension.org\/index.php\/wp-json\/wp\/v2\/pages\/68\/revisions\/799"}],"wp:featuredmedia":[{"embeddable":true,"href":"https:\/\/conpension.org\/index.php\/wp-json\/wp\/v2\/media\/384"}],"wp:attachment":[{"href":"https:\/\/conpension.org\/index.php\/wp-json\/wp\/v2\/media?parent=68"}],"curies":[{"name":"wp","href":"https:\/\/api.w.org\/{rel}","templated":true}]}}