{"id":678,"date":"2023-08-13T20:41:12","date_gmt":"2023-08-14T01:41:12","guid":{"rendered":"https:\/\/conpension.org\/?page_id=678"},"modified":"2023-08-15T12:26:20","modified_gmt":"2023-08-15T17:26:20","slug":"repositorio-de-normas","status":"publish","type":"page","link":"https:\/\/conpension.org\/index.php\/repositorio-de-normas\/","title":{"rendered":"Repositorio de Normas"},"content":{"rendered":"\n<p class=\"has-medium-font-size\">Dando click en el siguiente \u00edcono puede consultar el Sistema \u00danico de Informaci\u00f3n Normativa del Estado Colombiano.<\/p>\n\n\n<div class=\"wp-block-image\">\n<figure class=\"aligncenter size-full is-resized\"><a href=\"https:\/\/www.suin-juriscol.gov.co\/\"><img decoding=\"async\" loading=\"lazy\" src=\"https:\/\/i0.wp.com\/conpension.org\/wp-content\/uploads\/2023\/08\/Normas.png?resize=186%2C186&#038;ssl=1\" alt=\"\" class=\"wp-image-679\" width=\"186\" height=\"186\" srcset=\"https:\/\/i0.wp.com\/conpension.org\/wp-content\/uploads\/2023\/08\/Normas.png?w=225&amp;ssl=1 225w, https:\/\/i0.wp.com\/conpension.org\/wp-content\/uploads\/2023\/08\/Normas.png?resize=150%2C150&amp;ssl=1 150w, https:\/\/i0.wp.com\/conpension.org\/wp-content\/uploads\/2023\/08\/Normas.png?resize=100%2C100&amp;ssl=1 100w\" sizes=\"(max-width: 186px) 100vw, 186px\" data-recalc-dims=\"1\" \/><\/a><\/figure><\/div>","protected":false},"excerpt":{"rendered":"<p>Dando click en el siguiente \u00edcono puede consultar el Sistema \u00danico de Informaci\u00f3n Normativa del Estado Colombiano.<\/p>\n","protected":false},"author":1,"featured_media":0,"parent":0,"menu_order":0,"comment_status":"closed","ping_status":"closed","template":"","meta":[],"_links":{"self":[{"href":"https:\/\/conpension.org\/index.php\/wp-json\/wp\/v2\/pages\/678"}],"collection":[{"href":"https:\/\/conpension.org\/index.php\/wp-json\/wp\/v2\/pages"}],"about":[{"href":"https:\/\/conpension.org\/index.php\/wp-json\/wp\/v2\/types\/page"}],"author":[{"embeddable":true,"href":"https:\/\/conpension.org\/index.php\/wp-json\/wp\/v2\/users\/1"}],"replies":[{"embeddable":true,"href":"https:\/\/conpension.org\/index.php\/wp-json\/wp\/v2\/comments?post=678"}],"version-history":[{"count":2,"href":"https:\/\/conpension.org\/index.php\/wp-json\/wp\/v2\/pages\/678\/revisions"}],"predecessor-version":[{"id":769,"href":"https:\/\/conpension.org\/index.php\/wp-json\/wp\/v2\/pages\/678\/revisions\/769"}],"wp:attachment":[{"href":"https:\/\/conpension.org\/index.php\/wp-json\/wp\/v2\/media?parent=678"}],"curies":[{"name":"wp","href":"https:\/\/api.w.org\/{rel}","templated":true}]}}