{"id":676,"date":"2023-08-13T20:30:15","date_gmt":"2023-08-14T01:30:15","guid":{"rendered":"https:\/\/conpension.org\/?page_id=676"},"modified":"2025-06-13T09:22:52","modified_gmt":"2025-06-13T14:22:52","slug":"rendicion-de-cuentas","status":"publish","type":"page","link":"https:\/\/conpension.org\/index.php\/rendicion-de-cuentas\/","title":{"rendered":"Rendici\u00f3n de Cuentas"},"content":{"rendered":"\n<p class=\"has-medium-font-size\">La divulgaci\u00f3n de nuestras acciones y resultados es uno de los principios que rigen la corporaci\u00f3n, actuamos de manera transparente y escuchamos a nuestro grupo de inter\u00e9s para lograr la consolidaci\u00f3n de nuestros programas y servicios.<\/p>\n\n\n\n<div style=\"height:22px\" aria-hidden=\"true\" class=\"wp-block-spacer\"><\/div>\n\n\n\n<p class=\"has-black-color has-text-color has-medium-font-size\"><strong>LA CORPORACI\u00d3N<\/strong><\/p>\n\n\n\n<ul>\n<li class=\"has-medium-font-size\"><a href=\"https:\/\/conpension.org\/wp-content\/uploads\/2023\/09\/20230829_ESTATUTOS-CONPENSION-AGOSTO_2023_V2.pdf\">Estatutos vigentes<\/a><\/li>\n\n\n\n<li class=\"has-medium-font-size\"><a style=\"font-family: -apple-system, BlinkMacSystemFont, &quot;Segoe UI&quot;, Roboto, Oxygen-Sans, Ubuntu, Cantarell, &quot;Helvetica Neue&quot;, sans-serif;\" href=\"https:\/\/conpension.org\/wp-content\/uploads\/2023\/08\/20230517_ESTATUTOS-CONPENSION-MAYO_2023.pdf\"><\/a><a style=\"background-color: rgb(255, 255, 255); font-family: -apple-system, BlinkMacSystemFont, &quot;Segoe UI&quot;, Roboto, Oxygen-Sans, Ubuntu, Cantarell, &quot;Helvetica Neue&quot;, sans-serif;\" href=\"https:\/\/conpension.org\/wp-content\/uploads\/2023\/08\/Marco-Estrategico-ConPension.pdf\">Marco estrat\u00e9gico<\/a><\/li>\n\n\n\n<li class=\"has-medium-font-size\"><a style=\"font-family: -apple-system, BlinkMacSystemFont, &quot;Segoe UI&quot;, Roboto, Oxygen-Sans, Ubuntu, Cantarell, &quot;Helvetica Neue&quot;, sans-serif;\" href=\"https:\/\/conpension.org\/wp-content\/uploads\/2023\/08\/Estructura-y-Organizacion-ConPension.pdf\">Estructura y organizaci\u00f3n<\/a><\/li>\n\n\n\n<li class=\"has-medium-font-size\"><a href=\"https:\/\/conpension.org\/wp-content\/uploads\/2023\/08\/Mapa-de-procesos-ConPension.pdf\">Mapa de procesos<\/a><\/li>\n\n\n\n<li class=\"has-medium-font-size\"><a href=\"https:\/\/conpension.org\/wp-content\/uploads\/2023\/08\/Directorio-Conpension.pdf\">Directorio de personal<\/a><\/li>\n<\/ul>\n\n\n\n<div style=\"height:22px\" aria-hidden=\"true\" class=\"wp-block-spacer\"><\/div>\n\n\n\n<p class=\"has-black-color has-text-color has-medium-font-size\"><strong>INFORMES Y RESULTADOS<\/strong><\/p>\n\n\n\n<p class=\"has-text-color has-medium-font-size\" style=\"color:#3b607f\"><em>A\u00d1O 2023<\/em><\/p>\n\n\n\n<ul>\n<li class=\"has-medium-font-size\"><span style=\"color: initial; font-family: -apple-system, BlinkMacSystemFont, &quot;Segoe UI&quot;, Roboto, Oxygen-Sans, Ubuntu, Cantarell, &quot;Helvetica Neue&quot;, sans-serif;\">Alcald\u00eda de Bogot\u00e1<\/span><\/li>\n\n\n\n<li class=\"has-medium-font-size\"><a href=\"https:\/\/conpension.org\/wp-content\/uploads\/2024\/07\/2023032558639304238_regimen-tributario-especial.pdf\">R\u00e9gimen Tributario Especial DIAN<\/a><\/li>\n\n\n\n<li class=\"has-medium-font-size\"><span style=\"color: initial; font-family: -apple-system, BlinkMacSystemFont, &quot;Segoe UI&quot;, Roboto, Oxygen-Sans, Ubuntu, Cantarell, &quot;Helvetica Neue&quot;, sans-serif;\">Informe de gesti\u00f3n<\/span><\/li>\n<\/ul>\n\n\n\n<div style=\"height:13px\" aria-hidden=\"true\" class=\"wp-block-spacer\"><\/div>\n\n\n\n<p class=\"has-text-color has-medium-font-size\" style=\"color:#3b607f\"><em>A\u00d1O 2024<\/em><\/p>\n\n\n\n<ul>\n<li class=\"has-medium-font-size\"><span style=\"color: initial; font-family: -apple-system, BlinkMacSystemFont, &quot;Segoe UI&quot;, Roboto, Oxygen-Sans, Ubuntu, Cantarell, &quot;Helvetica Neue&quot;, sans-serif;\">Alcald\u00eda de Bogot\u00e1<\/span><\/li>\n\n\n\n<li class=\"has-medium-font-size\"><span style=\"color: initial; font-family: -apple-system, BlinkMacSystemFont, &quot;Segoe UI&quot;, Roboto, Oxygen-Sans, Ubuntu, Cantarell, &quot;Helvetica Neue&quot;, sans-serif;\"><a href=\"https:\/\/conpension.org\/wp-content\/uploads\/2024\/07\/20240528_solictud-dian-para-publicar-en-la-web-2024.pdf\">R\u00e9gimen Tributario Especial <span style=\"color: initial; font-family: -apple-system, BlinkMacSystemFont, &quot;Segoe UI&quot;, Roboto, Oxygen-Sans, Ubuntu, Cantarell, &quot;Helvetica Neue&quot;, sans-serif;\">DIAN<\/span><\/a><\/span><\/li>\n\n\n\n<li class=\"has-medium-font-size\">Informe de gesti\u00f3n<\/li>\n<\/ul>\n\n\n\n<p class=\"has-text-color has-medium-font-size\" style=\"color:#3b607f\"><em>A\u00d1O 202<\/em>5<\/p>\n\n\n\n<ul>\n<li class=\"has-medium-font-size\"><a href=\"https:\/\/conpension.org\/wp-content\/uploads\/2025\/06\/Actualizacion-RTE_2025.pdf\" data-type=\"URL\" data-id=\"https:\/\/conpension.org\/wp-content\/uploads\/2025\/06\/Actualizacion-RTE_2025.pdf\">R\u00e9gimen Tributario Especial DIAN<\/a><\/li>\n<\/ul>\n","protected":false},"excerpt":{"rendered":"<p>La divulgaci\u00f3n de nuestras acciones y resultados es uno de los principios que rigen la corporaci\u00f3n, actuamos de manera transparente y escuchamos a nuestro grupo [&hellip;]<\/p>\n","protected":false},"author":1,"featured_media":0,"parent":0,"menu_order":0,"comment_status":"closed","ping_status":"closed","template":"","meta":[],"_links":{"self":[{"href":"https:\/\/conpension.org\/index.php\/wp-json\/wp\/v2\/pages\/676"}],"collection":[{"href":"https:\/\/conpension.org\/index.php\/wp-json\/wp\/v2\/pages"}],"about":[{"href":"https:\/\/conpension.org\/index.php\/wp-json\/wp\/v2\/types\/page"}],"author":[{"embeddable":true,"href":"https:\/\/conpension.org\/index.php\/wp-json\/wp\/v2\/users\/1"}],"replies":[{"embeddable":true,"href":"https:\/\/conpension.org\/index.php\/wp-json\/wp\/v2\/comments?post=676"}],"version-history":[{"count":25,"href":"https:\/\/conpension.org\/index.php\/wp-json\/wp\/v2\/pages\/676\/revisions"}],"predecessor-version":[{"id":921,"href":"https:\/\/conpension.org\/index.php\/wp-json\/wp\/v2\/pages\/676\/revisions\/921"}],"wp:attachment":[{"href":"https:\/\/conpension.org\/index.php\/wp-json\/wp\/v2\/media?parent=676"}],"curies":[{"name":"wp","href":"https:\/\/api.w.org\/{rel}","templated":true}]}}