{"id":579,"date":"2023-07-23T23:23:31","date_gmt":"2023-07-24T04:23:31","guid":{"rendered":"https:\/\/conpension.org\/?page_id=579"},"modified":"2023-08-30T18:04:49","modified_gmt":"2023-08-30T23:04:49","slug":"seguros-pensionales-de-vida-y-generales","status":"publish","type":"page","link":"https:\/\/conpension.org\/index.php\/seguros-pensionales-de-vida-y-generales\/","title":{"rendered":"Seguros pensionales, de vida y generales"},"content":{"rendered":"\n<p class=\"has-medium-font-size\">Otros medios para mitigar los riesgos de invalidez, vejez o muerte lo constituyen los productos de aseguramiento, que tambi\u00e9n cuentan con productos para proteger nuestro patrimonio (seguros generales o de bienes). Ofrecemos una amplia asesor\u00eda respecto de los productos existentes en el mercado, su cobertura, costos, ventajas y desventajas, todo ello con el fin de que las personas entiendan sus alternativas y tomen decisiones debidamente informadas.<\/p>\n\n\n\n<p class=\"has-medium-font-size\">Tambi\u00e9n somos part\u00edcipes de la asesor\u00eda para realizar las reclamaciones correspondientes en caso de presentarse alg\u00fan siniestro.<\/p>\n","protected":false},"excerpt":{"rendered":"<p>Otros medios para mitigar los riesgos de invalidez, vejez o muerte lo constituyen los productos de aseguramiento, que tambi\u00e9n cuentan con productos para proteger nuestro [&hellip;]<\/p>\n","protected":false},"author":1,"featured_media":580,"parent":0,"menu_order":0,"comment_status":"closed","ping_status":"closed","template":"","meta":[],"_links":{"self":[{"href":"https:\/\/conpension.org\/index.php\/wp-json\/wp\/v2\/pages\/579"}],"collection":[{"href":"https:\/\/conpension.org\/index.php\/wp-json\/wp\/v2\/pages"}],"about":[{"href":"https:\/\/conpension.org\/index.php\/wp-json\/wp\/v2\/types\/page"}],"author":[{"embeddable":true,"href":"https:\/\/conpension.org\/index.php\/wp-json\/wp\/v2\/users\/1"}],"replies":[{"embeddable":true,"href":"https:\/\/conpension.org\/index.php\/wp-json\/wp\/v2\/comments?post=579"}],"version-history":[{"count":4,"href":"https:\/\/conpension.org\/index.php\/wp-json\/wp\/v2\/pages\/579\/revisions"}],"predecessor-version":[{"id":804,"href":"https:\/\/conpension.org\/index.php\/wp-json\/wp\/v2\/pages\/579\/revisions\/804"}],"wp:featuredmedia":[{"embeddable":true,"href":"https:\/\/conpension.org\/index.php\/wp-json\/wp\/v2\/media\/580"}],"wp:attachment":[{"href":"https:\/\/conpension.org\/index.php\/wp-json\/wp\/v2\/media?parent=579"}],"curies":[{"name":"wp","href":"https:\/\/api.w.org\/{rel}","templated":true}]}}