{"id":569,"date":"2023-07-23T23:13:11","date_gmt":"2023-07-24T04:13:11","guid":{"rendered":"https:\/\/conpension.org\/?page_id=569"},"modified":"2023-08-30T18:04:35","modified_gmt":"2023-08-30T23:04:35","slug":"representacion-judicial-2","status":"publish","type":"page","link":"https:\/\/conpension.org\/index.php\/representacion-judicial-2\/","title":{"rendered":"Representaci\u00f3n judicial"},"content":{"rendered":"\n<p class=\"has-medium-font-size\">Representamos a la persona en un proceso judicial o administrativo, con poder conferido por quien tiene la facultad para otorgarlo de conformidad con la normatividad y procedimientos vigentes. Actuamos en la presentaci\u00f3n de recursos de reposici\u00f3n y apelaci\u00f3n, procesos tutelares, conciliaciones, demandas respecto de asuntos tales como: traslado de r\u00e9gimen, pensiones de vejez, de invalidez y de sobrevivencia, auxilios funerarios, entre otros.<\/p>\n","protected":false},"excerpt":{"rendered":"<p>Representamos a la persona en un proceso judicial o administrativo, con poder conferido por quien tiene la facultad para otorgarlo de conformidad con la normatividad [&hellip;]<\/p>\n","protected":false},"author":1,"featured_media":570,"parent":0,"menu_order":0,"comment_status":"closed","ping_status":"closed","template":"","meta":[],"_links":{"self":[{"href":"https:\/\/conpension.org\/index.php\/wp-json\/wp\/v2\/pages\/569"}],"collection":[{"href":"https:\/\/conpension.org\/index.php\/wp-json\/wp\/v2\/pages"}],"about":[{"href":"https:\/\/conpension.org\/index.php\/wp-json\/wp\/v2\/types\/page"}],"author":[{"embeddable":true,"href":"https:\/\/conpension.org\/index.php\/wp-json\/wp\/v2\/users\/1"}],"replies":[{"embeddable":true,"href":"https:\/\/conpension.org\/index.php\/wp-json\/wp\/v2\/comments?post=569"}],"version-history":[{"count":2,"href":"https:\/\/conpension.org\/index.php\/wp-json\/wp\/v2\/pages\/569\/revisions"}],"predecessor-version":[{"id":803,"href":"https:\/\/conpension.org\/index.php\/wp-json\/wp\/v2\/pages\/569\/revisions\/803"}],"wp:featuredmedia":[{"embeddable":true,"href":"https:\/\/conpension.org\/index.php\/wp-json\/wp\/v2\/media\/570"}],"wp:attachment":[{"href":"https:\/\/conpension.org\/index.php\/wp-json\/wp\/v2\/media?parent=569"}],"curies":[{"name":"wp","href":"https:\/\/api.w.org\/{rel}","templated":true}]}}