{"id":56,"date":"2018-06-03T07:48:15","date_gmt":"2018-06-03T12:48:15","guid":{"rendered":"http:\/\/demo.sharkthemes.com\/corporate-blue\/?page_id=56"},"modified":"2023-07-19T12:18:38","modified_gmt":"2023-07-19T17:18:38","slug":"experiencia-y-conocimientos","status":"publish","type":"page","link":"https:\/\/conpension.org\/index.php\/experiencia-y-conocimientos\/","title":{"rendered":"Experiencia y conocimientos de los asuntos de la Seguridad Social"},"content":{"rendered":"\n<p class=\"has-medium-font-size\">Nuestro equipo de trabajo y aliados posee gran experiencia y conocen profundidad los asuntos relaciones con la seguridad social, espec\u00edficamente el sistema general de pensiones, as\u00ed como de los servicios financieros y aseguramiento conexos que les permitir\u00e1n a las personas contar con un ingreso en la vejez o en los casos de invalidez o a las familias en caso de fallecimiento.<\/p>\n","protected":false},"excerpt":{"rendered":"<p>Nuestro equipo de trabajo y aliados posee gran experiencia y conocen profundidad los asuntos relaciones con la seguridad social, espec\u00edficamente el sistema general de pensiones, [&hellip;]<\/p>\n","protected":false},"author":1,"featured_media":363,"parent":0,"menu_order":0,"comment_status":"closed","ping_status":"closed","template":"","meta":[],"_links":{"self":[{"href":"https:\/\/conpension.org\/index.php\/wp-json\/wp\/v2\/pages\/56"}],"collection":[{"href":"https:\/\/conpension.org\/index.php\/wp-json\/wp\/v2\/pages"}],"about":[{"href":"https:\/\/conpension.org\/index.php\/wp-json\/wp\/v2\/types\/page"}],"author":[{"embeddable":true,"href":"https:\/\/conpension.org\/index.php\/wp-json\/wp\/v2\/users\/1"}],"replies":[{"embeddable":true,"href":"https:\/\/conpension.org\/index.php\/wp-json\/wp\/v2\/comments?post=56"}],"version-history":[{"count":4,"href":"https:\/\/conpension.org\/index.php\/wp-json\/wp\/v2\/pages\/56\/revisions"}],"predecessor-version":[{"id":467,"href":"https:\/\/conpension.org\/index.php\/wp-json\/wp\/v2\/pages\/56\/revisions\/467"}],"wp:featuredmedia":[{"embeddable":true,"href":"https:\/\/conpension.org\/index.php\/wp-json\/wp\/v2\/media\/363"}],"wp:attachment":[{"href":"https:\/\/conpension.org\/index.php\/wp-json\/wp\/v2\/media?parent=56"}],"curies":[{"name":"wp","href":"https:\/\/api.w.org\/{rel}","templated":true}]}}