{"id":539,"date":"2023-07-23T22:23:23","date_gmt":"2023-07-24T03:23:23","guid":{"rendered":"https:\/\/conpension.org\/?page_id=539"},"modified":"2023-08-02T08:45:21","modified_gmt":"2023-08-02T13:45:21","slug":"me-preparo-para-mi-retiro-y-disfruto-de-mi-jubilacion","status":"publish","type":"page","link":"https:\/\/conpension.org\/index.php\/me-preparo-para-mi-retiro-y-disfruto-de-mi-jubilacion\/","title":{"rendered":"Me preparo para mi retiro y disfruto de mi jubilaci\u00f3n"},"content":{"rendered":"\n<p class=\"has-medium-font-size\">He tomado la decisi\u00f3n de retirarme de mi actividad laboral lo que significa la p\u00e9rdida de parte de mis ingresos por lo que me he preparado durante los \u00faltimos a\u00f1os reduciendo mi endeudamiento, ajustando mis obligaciones y gastos, cambiando cierto h\u00e1bitos y actividades y asegurando los servicios de salud de mi n\u00facleo familiar, para disfrutar de mi jubilaci\u00f3n de una forma tranquila y viviendo de manera digna con base en mis posibilidades.<\/p>\n\n\n\n<div style=\"height:41px\" aria-hidden=\"true\" class=\"wp-block-spacer\"><\/div>\n\n\n\n<p class=\"has-text-align-center has-medium-font-size\"><strong>Has andado el camino de la vida con seguridad y sabidur\u00eda\u2026<\/strong><br><strong>Has sabido c\u00f3mo cuidarte de los riesgos m\u00e1s grandes\u2026<\/strong><br><strong>ConPension te acompa\u00f1o en el trayecto \u2026<\/strong><br><strong>Cumpliste\u2026\u00a1\u00a1\u00a1Aseguraste tu jubilaci\u00f3n y una vejez digna!!!!<\/strong><\/p>\n","protected":false},"excerpt":{"rendered":"<p>He tomado la decisi\u00f3n de retirarme de mi actividad laboral lo que significa la p\u00e9rdida de parte de mis ingresos por lo que me he [&hellip;]<\/p>\n","protected":false},"author":1,"featured_media":540,"parent":0,"menu_order":0,"comment_status":"closed","ping_status":"closed","template":"","meta":[],"_links":{"self":[{"href":"https:\/\/conpension.org\/index.php\/wp-json\/wp\/v2\/pages\/539"}],"collection":[{"href":"https:\/\/conpension.org\/index.php\/wp-json\/wp\/v2\/pages"}],"about":[{"href":"https:\/\/conpension.org\/index.php\/wp-json\/wp\/v2\/types\/page"}],"author":[{"embeddable":true,"href":"https:\/\/conpension.org\/index.php\/wp-json\/wp\/v2\/users\/1"}],"replies":[{"embeddable":true,"href":"https:\/\/conpension.org\/index.php\/wp-json\/wp\/v2\/comments?post=539"}],"version-history":[{"count":3,"href":"https:\/\/conpension.org\/index.php\/wp-json\/wp\/v2\/pages\/539\/revisions"}],"predecessor-version":[{"id":644,"href":"https:\/\/conpension.org\/index.php\/wp-json\/wp\/v2\/pages\/539\/revisions\/644"}],"wp:featuredmedia":[{"embeddable":true,"href":"https:\/\/conpension.org\/index.php\/wp-json\/wp\/v2\/media\/540"}],"wp:attachment":[{"href":"https:\/\/conpension.org\/index.php\/wp-json\/wp\/v2\/media?parent=539"}],"curies":[{"name":"wp","href":"https:\/\/api.w.org\/{rel}","templated":true}]}}