{"id":533,"date":"2023-07-23T22:18:30","date_gmt":"2023-07-24T03:18:30","guid":{"rendered":"https:\/\/conpension.org\/?page_id=533"},"modified":"2023-08-02T08:35:19","modified_gmt":"2023-08-02T13:35:19","slug":"conozco-las-posibilidades-de-inversion","status":"publish","type":"page","link":"https:\/\/conpension.org\/index.php\/conozco-las-posibilidades-de-inversion\/","title":{"rendered":"Conozco las posibilidades de inversi\u00f3n, sus riesgos y efectos sobre el pago de impuestos"},"content":{"rendered":"\n<p class=\"has-medium-font-size\">Ahorrar metiendo la plata debajo del colch\u00f3n no es la mejor forma de conseguir un ingreso adicional y permanente jubilarme, por ello conozco las posibilidades aseguramiento pensional, de emprendimiento, inversiones financieras y\/o en activos fijos que est\u00e1n debidamente reguladas en Colombia. Entiendo sus posibilidades de rentar, los riesgos a que est\u00e1n expuestas y sus efectos sobre el mayor o menor pago de impuestos.<\/p>\n\n\n\n<p class=\"has-medium-font-size\">Tomo decisiones de inversi\u00f3n debidamente informado, hago seguimiento a su desempe\u00f1o y soy cuidadoso con las decisiones de reinversi\u00f3n, \u201cno meto todos los huevos en una sola canasta\u201d por lo que diversifico mis riesgos y posibilidades, as\u00ed mismo entiendo sus efectos tributarios.\u00a0\u00a0<\/p>\n","protected":false},"excerpt":{"rendered":"<p>Ahorrar metiendo la plata debajo del colch\u00f3n no es la mejor forma de conseguir un ingreso adicional y permanente jubilarme, por ello conozco las posibilidades [&hellip;]<\/p>\n","protected":false},"author":1,"featured_media":534,"parent":0,"menu_order":0,"comment_status":"closed","ping_status":"closed","template":"","meta":[],"_links":{"self":[{"href":"https:\/\/conpension.org\/index.php\/wp-json\/wp\/v2\/pages\/533"}],"collection":[{"href":"https:\/\/conpension.org\/index.php\/wp-json\/wp\/v2\/pages"}],"about":[{"href":"https:\/\/conpension.org\/index.php\/wp-json\/wp\/v2\/types\/page"}],"author":[{"embeddable":true,"href":"https:\/\/conpension.org\/index.php\/wp-json\/wp\/v2\/users\/1"}],"replies":[{"embeddable":true,"href":"https:\/\/conpension.org\/index.php\/wp-json\/wp\/v2\/comments?post=533"}],"version-history":[{"count":2,"href":"https:\/\/conpension.org\/index.php\/wp-json\/wp\/v2\/pages\/533\/revisions"}],"predecessor-version":[{"id":632,"href":"https:\/\/conpension.org\/index.php\/wp-json\/wp\/v2\/pages\/533\/revisions\/632"}],"wp:featuredmedia":[{"embeddable":true,"href":"https:\/\/conpension.org\/index.php\/wp-json\/wp\/v2\/media\/534"}],"wp:attachment":[{"href":"https:\/\/conpension.org\/index.php\/wp-json\/wp\/v2\/media?parent=533"}],"curies":[{"name":"wp","href":"https:\/\/api.w.org\/{rel}","templated":true}]}}