{"id":530,"date":"2023-07-23T22:15:13","date_gmt":"2023-07-24T03:15:13","guid":{"rendered":"https:\/\/conpension.org\/?page_id=530"},"modified":"2023-08-02T08:42:48","modified_gmt":"2023-08-02T13:42:48","slug":"ahorro-para-jubilarme","status":"publish","type":"page","link":"https:\/\/conpension.org\/index.php\/ahorro-para-jubilarme\/","title":{"rendered":"Ahorro para jubilarme y conozco medios complementarios para asegurarme."},"content":{"rendered":"\n<p class=\"has-medium-font-size\">El ahorro representa una necesidad para que las personas puedan contar recursos econ\u00f3micos que les sirvan para paliar las eventualidades que se le presentan en la vida, por ello tengo un presupuesto o listado de ingresos y gastos con los que organizo mis finanzas.<\/p>\n\n\n\n<p class=\"has-medium-font-size\">Existen aseguradoras que mediante la suscripci\u00f3n de p\u00f3lizas pueden ayudarme a solventar ciertas emergencias econ\u00f3micas, como es el caso de p\u00e9rdidas de ingreso por incapacidades temporales o permanentes, desempleo, perdida de la vida o contingencias sobre mis bienes tales como negocios, inmuebles, veh\u00edculos, ganado, entre otros, por lo que hago uso de estos seguros acorde con mis necesidades y capacidad econ\u00f3mica.&nbsp;&nbsp;<\/p>\n","protected":false},"excerpt":{"rendered":"<p>El ahorro representa una necesidad para que las personas puedan contar recursos econ\u00f3micos que les sirvan para paliar las eventualidades que se le presentan en [&hellip;]<\/p>\n","protected":false},"author":1,"featured_media":531,"parent":0,"menu_order":0,"comment_status":"closed","ping_status":"closed","template":"","meta":[],"_links":{"self":[{"href":"https:\/\/conpension.org\/index.php\/wp-json\/wp\/v2\/pages\/530"}],"collection":[{"href":"https:\/\/conpension.org\/index.php\/wp-json\/wp\/v2\/pages"}],"about":[{"href":"https:\/\/conpension.org\/index.php\/wp-json\/wp\/v2\/types\/page"}],"author":[{"embeddable":true,"href":"https:\/\/conpension.org\/index.php\/wp-json\/wp\/v2\/users\/1"}],"replies":[{"embeddable":true,"href":"https:\/\/conpension.org\/index.php\/wp-json\/wp\/v2\/comments?post=530"}],"version-history":[{"count":3,"href":"https:\/\/conpension.org\/index.php\/wp-json\/wp\/v2\/pages\/530\/revisions"}],"predecessor-version":[{"id":642,"href":"https:\/\/conpension.org\/index.php\/wp-json\/wp\/v2\/pages\/530\/revisions\/642"}],"wp:featuredmedia":[{"embeddable":true,"href":"https:\/\/conpension.org\/index.php\/wp-json\/wp\/v2\/media\/531"}],"wp:attachment":[{"href":"https:\/\/conpension.org\/index.php\/wp-json\/wp\/v2\/media?parent=530"}],"curies":[{"name":"wp","href":"https:\/\/api.w.org\/{rel}","templated":true}]}}