{"id":487,"date":"2023-07-19T13:42:07","date_gmt":"2023-07-19T18:42:07","guid":{"rendered":"https:\/\/conpension.org\/?page_id=487"},"modified":"2023-08-02T08:55:33","modified_gmt":"2023-08-02T13:55:33","slug":"conoce-nuestras-tarifas","status":"publish","type":"page","link":"https:\/\/conpension.org\/index.php\/conoce-nuestras-tarifas\/","title":{"rendered":"Conoce nuestras tarifas"},"content":{"rendered":"\n<div style=\"height:54px\" aria-hidden=\"true\" class=\"wp-block-spacer\"><\/div>\n\n\n\n<p class=\"has-medium-font-size\">Las tarifas vigentes para los servicios de la Corporaci\u00f3n ConPensi\u00f3n para el a\u00f1o 2023 son los siguientes:<\/p>\n","protected":false},"excerpt":{"rendered":"<p>Las tarifas vigentes para los servicios de la Corporaci\u00f3n ConPensi\u00f3n para el a\u00f1o 2023 son los siguientes:<\/p>\n","protected":false},"author":1,"featured_media":0,"parent":0,"menu_order":0,"comment_status":"closed","ping_status":"closed","template":"","meta":[],"_links":{"self":[{"href":"https:\/\/conpension.org\/index.php\/wp-json\/wp\/v2\/pages\/487"}],"collection":[{"href":"https:\/\/conpension.org\/index.php\/wp-json\/wp\/v2\/pages"}],"about":[{"href":"https:\/\/conpension.org\/index.php\/wp-json\/wp\/v2\/types\/page"}],"author":[{"embeddable":true,"href":"https:\/\/conpension.org\/index.php\/wp-json\/wp\/v2\/users\/1"}],"replies":[{"embeddable":true,"href":"https:\/\/conpension.org\/index.php\/wp-json\/wp\/v2\/comments?post=487"}],"version-history":[{"count":4,"href":"https:\/\/conpension.org\/index.php\/wp-json\/wp\/v2\/pages\/487\/revisions"}],"predecessor-version":[{"id":650,"href":"https:\/\/conpension.org\/index.php\/wp-json\/wp\/v2\/pages\/487\/revisions\/650"}],"wp:attachment":[{"href":"https:\/\/conpension.org\/index.php\/wp-json\/wp\/v2\/media?parent=487"}],"curies":[{"name":"wp","href":"https:\/\/api.w.org\/{rel}","templated":true}]}}