{"id":480,"date":"2023-07-19T13:31:40","date_gmt":"2023-07-19T18:31:40","guid":{"rendered":"https:\/\/conpension.org\/?page_id=480"},"modified":"2023-08-02T08:54:23","modified_gmt":"2023-08-02T13:54:23","slug":"nuestros-servicios","status":"publish","type":"page","link":"https:\/\/conpension.org\/index.php\/nuestros-servicios\/","title":{"rendered":"Nuestros servicios"},"content":{"rendered":"\n<div style=\"height:54px\" aria-hidden=\"true\" class=\"wp-block-spacer\"><\/div>\n\n\n\n<ul>\n<li class=\"has-medium-font-size\">Contenidos dirigidos a una poblaci\u00f3n o segmento sobre temas de seguridad social<\/li>\n\n\n\n<li class=\"has-medium-font-size\">Charla presencial a un grupo respecto de un tema espec\u00edfico<\/li>\n\n\n\n<li class=\"has-medium-font-size\">Orientaci\u00f3n<\/li>\n\n\n\n<li class=\"has-medium-font-size\">Consulta Especializada<\/li>\n\n\n\n<li class=\"has-medium-font-size\">Asesor\u00eda Legal<br>&#8211; Solicitud sencilla<br>&#8211; Solicitud soportada jur\u00eddicamente<br>&#8211; Representaci\u00f3n para hacer un tr\u00e1mite<br>&#8211; Revisi\u00f3n de una decisi\u00f3n sobre el reconocimiento de una pensi\u00f3n u otro asunto<br>&#8211; Concepto jur\u00eddico<br>&#8211; Proyecci\u00f3n de monto de pensi\u00f3n.<\/li>\n<\/ul>\n","protected":false},"excerpt":{"rendered":"","protected":false},"author":1,"featured_media":0,"parent":0,"menu_order":0,"comment_status":"closed","ping_status":"closed","template":"","meta":[],"_links":{"self":[{"href":"https:\/\/conpension.org\/index.php\/wp-json\/wp\/v2\/pages\/480"}],"collection":[{"href":"https:\/\/conpension.org\/index.php\/wp-json\/wp\/v2\/pages"}],"about":[{"href":"https:\/\/conpension.org\/index.php\/wp-json\/wp\/v2\/types\/page"}],"author":[{"embeddable":true,"href":"https:\/\/conpension.org\/index.php\/wp-json\/wp\/v2\/users\/1"}],"replies":[{"embeddable":true,"href":"https:\/\/conpension.org\/index.php\/wp-json\/wp\/v2\/comments?post=480"}],"version-history":[{"count":5,"href":"https:\/\/conpension.org\/index.php\/wp-json\/wp\/v2\/pages\/480\/revisions"}],"predecessor-version":[{"id":648,"href":"https:\/\/conpension.org\/index.php\/wp-json\/wp\/v2\/pages\/480\/revisions\/648"}],"wp:attachment":[{"href":"https:\/\/conpension.org\/index.php\/wp-json\/wp\/v2\/media?parent=480"}],"curies":[{"name":"wp","href":"https:\/\/api.w.org\/{rel}","templated":true}]}}