{"id":437,"date":"2023-07-17T18:39:32","date_gmt":"2023-07-17T23:39:32","guid":{"rendered":"https:\/\/conpension.org\/?page_id=437"},"modified":"2023-08-02T08:34:45","modified_gmt":"2023-08-02T13:34:45","slug":"nuestra-oferta-de-valor","status":"publish","type":"page","link":"https:\/\/conpension.org\/index.php\/nuestra-oferta-de-valor\/","title":{"rendered":"Nuestra oferta de valor"},"content":{"rendered":"\n<p style=\"font-size:19px\">Buscamos enrutar a las personas en el desarrollo de acciones que busquen el cubrimiento de necesidades futuras que afectan a todas las personas en su edad adulta, como son la invalidez, la vejez o la manutenci\u00f3n de su familia o dependientes econ\u00f3micos despu\u00e9s de su fallecimiento.<\/p>\n\n\n\n<div style=\"height:28px\" aria-hidden=\"true\" class=\"wp-block-spacer\"><\/div>\n\n\n\n<p style=\"font-size:19px\">Para ello, las personas deben conocer que estos riesgos existen, los pueden afectar y por ello existen los sistemas de seguridad social y otros mecanismos complementarios con los cuales se pueden disminuir los efectos econ\u00f3micos y de salud adversos sobre la persona y sus familiares.<\/p>\n\n\n\n<div style=\"height:28px\" aria-hidden=\"true\" class=\"wp-block-spacer\"><\/div>\n\n\n\n<p style=\"font-size:19px\">La seguridad social es una protecci\u00f3n que proporciona la propia sociedad, ya que estas medidas se financian por todos los ciudadanos mediante el pago de impuestos y los aportes de empleadores y trabajadores. Se trata de un mecanismo de protecci\u00f3n solidario, donde la poblaci\u00f3n econ\u00f3micamente activa ayuda a mantener a aquellos que no pueden trabajar, resultando en el aseguramiento m\u00e1s barato y de f\u00e1cil acceso para cubrir estos riesgos.<\/p>\n\n\n\n<div style=\"height:28px\" aria-hidden=\"true\" class=\"wp-block-spacer\"><\/div>\n\n\n\n<p style=\"font-size:19px\">Soy YO el \u00fanico responsable de cumplir con los deberes que me permiten acceder a los derechos que me otorga la constituci\u00f3n, la ley o los contratos que he suscrito. Cumplo con los requisitos exigidos para obtenerlos, por lo que cuento con la asesor\u00eda de ConPensi\u00f3n para conocerlos en detalle, potenciar sus beneficios y luchar por ellos si no me son reconocidos, negados o dilatados en el tiempo.<\/p>\n","protected":false},"excerpt":{"rendered":"<p>Buscamos enrutar a las personas en el desarrollo de acciones que busquen el cubrimiento de necesidades futuras que afectan a todas las personas en su [&hellip;]<\/p>\n","protected":false},"author":1,"featured_media":0,"parent":0,"menu_order":0,"comment_status":"closed","ping_status":"closed","template":"servicepage.php","meta":[],"_links":{"self":[{"href":"https:\/\/conpension.org\/index.php\/wp-json\/wp\/v2\/pages\/437"}],"collection":[{"href":"https:\/\/conpension.org\/index.php\/wp-json\/wp\/v2\/pages"}],"about":[{"href":"https:\/\/conpension.org\/index.php\/wp-json\/wp\/v2\/types\/page"}],"author":[{"embeddable":true,"href":"https:\/\/conpension.org\/index.php\/wp-json\/wp\/v2\/users\/1"}],"replies":[{"embeddable":true,"href":"https:\/\/conpension.org\/index.php\/wp-json\/wp\/v2\/comments?post=437"}],"version-history":[{"count":7,"href":"https:\/\/conpension.org\/index.php\/wp-json\/wp\/v2\/pages\/437\/revisions"}],"predecessor-version":[{"id":630,"href":"https:\/\/conpension.org\/index.php\/wp-json\/wp\/v2\/pages\/437\/revisions\/630"}],"wp:attachment":[{"href":"https:\/\/conpension.org\/index.php\/wp-json\/wp\/v2\/media?parent=437"}],"curies":[{"name":"wp","href":"https:\/\/api.w.org\/{rel}","templated":true}]}}