{"id":353,"date":"2023-07-13T16:54:35","date_gmt":"2023-07-13T21:54:35","guid":{"rendered":"https:\/\/conpension.org\/?page_id=353"},"modified":"2023-07-24T09:40:13","modified_gmt":"2023-07-24T14:40:13","slug":"formas-de-lograrlo","status":"publish","type":"page","link":"https:\/\/conpension.org\/index.php\/formas-de-lograrlo\/","title":{"rendered":"\u00bfFormas de lograrlo?"},"content":{"rendered":"\n<p class=\"has-medium-font-size\">Las principales formas de lograr un ingreso para jubilarse:<\/p>\n\n\n\n<div class=\"wp-block-media-text alignwide has-media-on-the-right is-stacked-on-mobile\"><div class=\"wp-block-media-text__content\">\n<ol>\n<li class=\"has-medium-font-size\">Afiliarse y pagar peri\u00f3dicamente la seguridad social, la m\u00e1s econ\u00f3mica en el mercado y de m\u00e1s f\u00e1cil acceso.<\/li>\n\n\n\n<li class=\"has-medium-font-size\">Adquirir una p\u00f3liza de seguro pensional.<\/li>\n\n\n\n<li class=\"has-medium-font-size\">Adquirir un seguro de vida.<\/li>\n\n\n\n<li class=\"has-medium-font-size\">Ahorrar y hacer inversiones financieras o de otra \u00edndole que sean rentables que generen un ingreso sin mi trabajo directo.<\/li>\n\n\n\n<li class=\"has-medium-font-size\">Emprender creando un negocio.<\/li>\n\n\n\n<li class=\"has-medium-font-size\">Teniendo buena suerte en juegos de azar.<\/li>\n\n\n\n<li class=\"has-medium-font-size\">Realizando un plan de largo plazo que aborde las 3 primeras formas enunciadas, adicionalmente aprovechando las ventajas tributarias que tienen sobre el impuesto de renta los pagos que se realizan para primas de seguros pensionales y las cotizaciones a la seguridad social.<\/li>\n<\/ol>\n<\/div><figure class=\"wp-block-media-text__media\"><img decoding=\"async\" loading=\"lazy\" width=\"683\" height=\"1024\" src=\"https:\/\/i0.wp.com\/conpension.org\/wp-content\/uploads\/2023\/07\/formas-de-lograrlo-1.jpg?resize=683%2C1024&#038;ssl=1\" alt=\"\" class=\"wp-image-613 size-full\" srcset=\"https:\/\/i0.wp.com\/conpension.org\/wp-content\/uploads\/2023\/07\/formas-de-lograrlo-1-scaled.jpg?resize=683%2C1024&amp;ssl=1 683w, https:\/\/i0.wp.com\/conpension.org\/wp-content\/uploads\/2023\/07\/formas-de-lograrlo-1-scaled.jpg?resize=200%2C300&amp;ssl=1 200w, https:\/\/i0.wp.com\/conpension.org\/wp-content\/uploads\/2023\/07\/formas-de-lograrlo-1-scaled.jpg?resize=768%2C1152&amp;ssl=1 768w, https:\/\/i0.wp.com\/conpension.org\/wp-content\/uploads\/2023\/07\/formas-de-lograrlo-1-scaled.jpg?resize=1024%2C1536&amp;ssl=1 1024w, https:\/\/i0.wp.com\/conpension.org\/wp-content\/uploads\/2023\/07\/formas-de-lograrlo-1-scaled.jpg?resize=1365%2C2048&amp;ssl=1 1365w, https:\/\/i0.wp.com\/conpension.org\/wp-content\/uploads\/2023\/07\/formas-de-lograrlo-1-scaled.jpg?resize=600%2C900&amp;ssl=1 600w, https:\/\/i0.wp.com\/conpension.org\/wp-content\/uploads\/2023\/07\/formas-de-lograrlo-1-scaled.jpg?w=1706&amp;ssl=1 1706w, https:\/\/i0.wp.com\/conpension.org\/wp-content\/uploads\/2023\/07\/formas-de-lograrlo-1-scaled.jpg?w=1638&amp;ssl=1 1638w\" sizes=\"(max-width: 683px) 100vw, 683px\" data-recalc-dims=\"1\" \/><\/figure><\/div>\n","protected":false},"excerpt":{"rendered":"<p>Las principales formas de lograr un ingreso para jubilarse:<\/p>\n","protected":false},"author":1,"featured_media":0,"parent":0,"menu_order":0,"comment_status":"closed","ping_status":"closed","template":"","meta":[],"_links":{"self":[{"href":"https:\/\/conpension.org\/index.php\/wp-json\/wp\/v2\/pages\/353"}],"collection":[{"href":"https:\/\/conpension.org\/index.php\/wp-json\/wp\/v2\/pages"}],"about":[{"href":"https:\/\/conpension.org\/index.php\/wp-json\/wp\/v2\/types\/page"}],"author":[{"embeddable":true,"href":"https:\/\/conpension.org\/index.php\/wp-json\/wp\/v2\/users\/1"}],"replies":[{"embeddable":true,"href":"https:\/\/conpension.org\/index.php\/wp-json\/wp\/v2\/comments?post=353"}],"version-history":[{"count":9,"href":"https:\/\/conpension.org\/index.php\/wp-json\/wp\/v2\/pages\/353\/revisions"}],"predecessor-version":[{"id":615,"href":"https:\/\/conpension.org\/index.php\/wp-json\/wp\/v2\/pages\/353\/revisions\/615"}],"wp:attachment":[{"href":"https:\/\/conpension.org\/index.php\/wp-json\/wp\/v2\/media?parent=353"}],"curies":[{"name":"wp","href":"https:\/\/api.w.org\/{rel}","templated":true}]}}