{"id":351,"date":"2023-07-13T16:49:29","date_gmt":"2023-07-13T21:49:29","guid":{"rendered":"https:\/\/conpension.org\/?page_id=351"},"modified":"2023-08-02T09:02:50","modified_gmt":"2023-08-02T14:02:50","slug":"que-es-la-jubilacion","status":"publish","type":"page","link":"https:\/\/conpension.org\/index.php\/que-es-la-jubilacion\/","title":{"rendered":"\u00bfQu\u00e9 es la jubilaci\u00f3n?"},"content":{"rendered":"\n<div class=\"wp-block-media-text alignwide has-media-on-the-right is-stacked-on-mobile\"><div class=\"wp-block-media-text__content\">\n<p style=\"font-size:18px\">La jubilaci\u00f3n es el <strong>cese de la actividad laboral<\/strong> de una persona<strong>, <\/strong>pudiendo ser por la cantidad de a\u00f1os activa en el mundo laboral, por presentar una incapacidad f\u00edsica o de salud que le impida continuar trabajando, o, la m\u00e1s com\u00fan, por haber alcanzado la tercera edad y por ende su decisi\u00f3n de retiro.<\/p>\n\n\n\n<p style=\"font-size:18px\">Mientras que la pensi\u00f3n corresponde al ingreso que se obtiene previo cumplimiento de algunos requisitos y que es producto del aseguramiento social creado por el Estado para cubrir a la persona y su familia en los casos en que los riegos de la invalidez, la vejez o la muerte se presenten. Generalmente este ingreso representa una fracci\u00f3n del ingreso que normalmente recib\u00eda la persona por su actividad laboral.<\/p>\n<\/div><figure class=\"wp-block-media-text__media\"><img decoding=\"async\" loading=\"lazy\" width=\"731\" height=\"1024\" src=\"https:\/\/i0.wp.com\/conpension.org\/wp-content\/uploads\/2023\/07\/jubilacion2.jpg?resize=731%2C1024&#038;ssl=1\" alt=\"\" class=\"wp-image-452 size-full\" srcset=\"https:\/\/i0.wp.com\/conpension.org\/wp-content\/uploads\/2023\/07\/jubilacion2.jpg?resize=731%2C1024&amp;ssl=1 731w, https:\/\/i0.wp.com\/conpension.org\/wp-content\/uploads\/2023\/07\/jubilacion2.jpg?resize=214%2C300&amp;ssl=1 214w, https:\/\/i0.wp.com\/conpension.org\/wp-content\/uploads\/2023\/07\/jubilacion2.jpg?resize=768%2C1077&amp;ssl=1 768w, https:\/\/i0.wp.com\/conpension.org\/wp-content\/uploads\/2023\/07\/jubilacion2.jpg?resize=600%2C841&amp;ssl=1 600w, https:\/\/i0.wp.com\/conpension.org\/wp-content\/uploads\/2023\/07\/jubilacion2.jpg?w=906&amp;ssl=1 906w\" sizes=\"(max-width: 731px) 100vw, 731px\" data-recalc-dims=\"1\" \/><\/figure><\/div>\n","protected":false},"excerpt":{"rendered":"<p>La jubilaci\u00f3n es el cese de la actividad laboral de una persona, pudiendo ser por la cantidad de a\u00f1os activa en el mundo laboral, por [&hellip;]<\/p>\n","protected":false},"author":1,"featured_media":0,"parent":0,"menu_order":0,"comment_status":"closed","ping_status":"closed","template":"","meta":[],"_links":{"self":[{"href":"https:\/\/conpension.org\/index.php\/wp-json\/wp\/v2\/pages\/351"}],"collection":[{"href":"https:\/\/conpension.org\/index.php\/wp-json\/wp\/v2\/pages"}],"about":[{"href":"https:\/\/conpension.org\/index.php\/wp-json\/wp\/v2\/types\/page"}],"author":[{"embeddable":true,"href":"https:\/\/conpension.org\/index.php\/wp-json\/wp\/v2\/users\/1"}],"replies":[{"embeddable":true,"href":"https:\/\/conpension.org\/index.php\/wp-json\/wp\/v2\/comments?post=351"}],"version-history":[{"count":4,"href":"https:\/\/conpension.org\/index.php\/wp-json\/wp\/v2\/pages\/351\/revisions"}],"predecessor-version":[{"id":656,"href":"https:\/\/conpension.org\/index.php\/wp-json\/wp\/v2\/pages\/351\/revisions\/656"}],"wp:attachment":[{"href":"https:\/\/conpension.org\/index.php\/wp-json\/wp\/v2\/media?parent=351"}],"curies":[{"name":"wp","href":"https:\/\/api.w.org\/{rel}","templated":true}]}}