{"id":297,"date":"2023-07-11T19:12:14","date_gmt":"2023-07-12T00:12:14","guid":{"rendered":"https:\/\/conpension.org\/?page_id=297"},"modified":"2023-07-17T23:32:42","modified_gmt":"2023-07-18T04:32:42","slug":"que-es-la-seguridad-social","status":"publish","type":"page","link":"https:\/\/conpension.org\/index.php\/que-es-la-seguridad-social\/","title":{"rendered":"\u00bfQu\u00e9 es la Seguridad Social?"},"content":{"rendered":"\n<div class=\"wp-block-media-text alignwide is-stacked-on-mobile\" style=\"grid-template-columns:53% auto\"><figure class=\"wp-block-media-text__media\"><img decoding=\"async\" loading=\"lazy\" width=\"819\" height=\"839\" src=\"https:\/\/i0.wp.com\/conpension.org\/wp-content\/uploads\/2023\/07\/seguridad-social.gif?resize=819%2C839&#038;ssl=1\" alt=\"\" class=\"wp-image-404 size-full\" data-recalc-dims=\"1\"\/><\/figure><div class=\"wp-block-media-text__content\">\n<p style=\"font-size:19px\">La <strong>seguridad social<\/strong> es la protecci\u00f3n que una sociedad proporciona a los individuos y su familia para asegurar el acceso a la asistencia m\u00e9dica, la protecci\u00f3n de los medios de subsistencia, garantizando la seguridad del ingreso, en particular en caso de vejez, desempleo, enfermedad, invalidez, accidentes de trabajo, maternidad o p\u00e9rdida de quienes son el sost\u00e9n de la familia, as\u00ed como el otorgamiento de pensiones previo cumplimiento de algunos requisitos.<\/p>\n<\/div><\/div>\n","protected":false},"excerpt":{"rendered":"<p>La seguridad social es la protecci\u00f3n que una sociedad proporciona a los individuos y su familia para asegurar el acceso a la asistencia m\u00e9dica, la [&hellip;]<\/p>\n","protected":false},"author":1,"featured_media":0,"parent":0,"menu_order":0,"comment_status":"closed","ping_status":"closed","template":"","meta":[],"_links":{"self":[{"href":"https:\/\/conpension.org\/index.php\/wp-json\/wp\/v2\/pages\/297"}],"collection":[{"href":"https:\/\/conpension.org\/index.php\/wp-json\/wp\/v2\/pages"}],"about":[{"href":"https:\/\/conpension.org\/index.php\/wp-json\/wp\/v2\/types\/page"}],"author":[{"embeddable":true,"href":"https:\/\/conpension.org\/index.php\/wp-json\/wp\/v2\/users\/1"}],"replies":[{"embeddable":true,"href":"https:\/\/conpension.org\/index.php\/wp-json\/wp\/v2\/comments?post=297"}],"version-history":[{"count":14,"href":"https:\/\/conpension.org\/index.php\/wp-json\/wp\/v2\/pages\/297\/revisions"}],"predecessor-version":[{"id":454,"href":"https:\/\/conpension.org\/index.php\/wp-json\/wp\/v2\/pages\/297\/revisions\/454"}],"wp:attachment":[{"href":"https:\/\/conpension.org\/index.php\/wp-json\/wp\/v2\/media?parent=297"}],"curies":[{"name":"wp","href":"https:\/\/api.w.org\/{rel}","templated":true}]}}