{"id":160,"date":"2018-06-08T16:52:51","date_gmt":"2018-06-08T16:52:51","guid":{"rendered":"http:\/\/demo.sharkthemes.com\/corporate-blue-pro\/?page_id=160"},"modified":"2023-07-23T23:40:21","modified_gmt":"2023-07-24T04:40:21","slug":"que-hacemos-por-ti","status":"publish","type":"page","link":"https:\/\/conpension.org\/index.php\/que-hacemos-por-ti\/","title":{"rendered":"\u00bfQu\u00e9 hacemos por ti?"},"content":{"rendered":"\n<p class=\"has-medium-font-size\"><strong><mark style=\"background-color:rgba(0, 0, 0, 0);color:#002756\" class=\"has-inline-color\">ConPensi\u00f3n<\/mark><\/strong> te ayuda a avanzar con decisi\u00f3n en los tres pasos primordiales para lograr una jubilaci\u00f3n digna y tranquila:<\/p>\n\n\n\n<ol type=\"i\">\n<li class=\"has-medium-font-size\">Conozco los riesgos a los que estoy expuesto durante mi vida adulta y entiendo que es la seguridad social;<\/li>\n\n\n\n<li class=\"has-medium-font-size\">Tomo decisiones, hago un plan y lo implemento para enfrentar estos riesgos, disminuyendo su posible afectaci\u00f3n sobre mi familia;<\/li>\n\n\n\n<li class=\"has-medium-font-size\">Defiendo mis derechos con el apoyo de ConPensi\u00f3n y me preparo para jubilarme.\u00a0\u00a0<\/li>\n<\/ol>\n","protected":false},"excerpt":{"rendered":"<p>ConPensi\u00f3n te ayuda a avanzar con decisi\u00f3n en los tres pasos primordiales para lograr una jubilaci\u00f3n digna y tranquila:<\/p>\n","protected":false},"author":1,"featured_media":587,"parent":0,"menu_order":0,"comment_status":"closed","ping_status":"closed","template":"aboutpage.php","meta":[],"_links":{"self":[{"href":"https:\/\/conpension.org\/index.php\/wp-json\/wp\/v2\/pages\/160"}],"collection":[{"href":"https:\/\/conpension.org\/index.php\/wp-json\/wp\/v2\/pages"}],"about":[{"href":"https:\/\/conpension.org\/index.php\/wp-json\/wp\/v2\/types\/page"}],"author":[{"embeddable":true,"href":"https:\/\/conpension.org\/index.php\/wp-json\/wp\/v2\/users\/1"}],"replies":[{"embeddable":true,"href":"https:\/\/conpension.org\/index.php\/wp-json\/wp\/v2\/comments?post=160"}],"version-history":[{"count":9,"href":"https:\/\/conpension.org\/index.php\/wp-json\/wp\/v2\/pages\/160\/revisions"}],"predecessor-version":[{"id":593,"href":"https:\/\/conpension.org\/index.php\/wp-json\/wp\/v2\/pages\/160\/revisions\/593"}],"wp:featuredmedia":[{"embeddable":true,"href":"https:\/\/conpension.org\/index.php\/wp-json\/wp\/v2\/media\/587"}],"wp:attachment":[{"href":"https:\/\/conpension.org\/index.php\/wp-json\/wp\/v2\/media?parent=160"}],"curies":[{"name":"wp","href":"https:\/\/api.w.org\/{rel}","templated":true}]}}